{"id":48,"date":"2022-03-02T17:52:56","date_gmt":"2022-03-02T16:52:56","guid":{"rendered":"http:\/\/insulair-parapente.re\/?page_id=48"},"modified":"2024-02-22T20:04:38","modified_gmt":"2024-02-22T16:04:38","slug":"reservez-votre-bapteme-de-parapente-a-la-reunion","status":"publish","type":"page","link":"https:\/\/www.insulair-parapente.re\/index.php\/reservez-votre-bapteme-de-parapente-a-la-reunion\/","title":{"rendered":"R\u00e9servez votre bapt\u00eame de parapente \u00e0 La R\u00e9union"},"content":{"rendered":"\t\t<div data-elementor-type=\"wp-page\" data-elementor-id=\"48\" class=\"elementor elementor-48\">\n\t\t\t\t\t\t<section class=\"elementor-section elementor-top-section elementor-element elementor-element-eed2845 elementor-section-boxed elementor-section-height-default elementor-section-height-default\" data-id=\"eed2845\" data-element_type=\"section\" data-e-type=\"section\">\n\t\t\t\t\t\t<div class=\"elementor-container elementor-column-gap-default\">\n\t\t\t\t\t<div class=\"elementor-column elementor-col-100 elementor-top-column elementor-element elementor-element-7bc8e15\" data-id=\"7bc8e15\" data-element_type=\"column\" data-e-type=\"column\">\n\t\t\t<div class=\"elementor-widget-wrap elementor-element-populated\">\n\t\t\t\t\t\t<div class=\"elementor-element elementor-element-7bc710b elementor-widget elementor-widget-heading\" data-id=\"7bc710b\" data-element_type=\"widget\" data-e-type=\"widget\" data-widget_type=\"heading.default\">\n\t\t\t\t\t<h1 class=\"elementor-heading-title elementor-size-default\">R\u00c9SERVEZ VOTRE BAPT\u00caME DE PARAPENTE \u00c0 LA R\u00c9UNION<br><\/h1>\t\t\t\t<\/div>\n\t\t\t\t\t<\/div>\n\t\t<\/div>\n\t\t\t\t\t<\/div>\n\t\t<\/section>\n\t\t\t\t<section class=\"elementor-section elementor-top-section elementor-element elementor-element-ae7aee6 elementor-section-boxed elementor-section-height-default elementor-section-height-default\" data-id=\"ae7aee6\" data-element_type=\"section\" data-e-type=\"section\" data-settings=\"{&quot;background_background&quot;:&quot;classic&quot;}\">\n\t\t\t\t\t\t\t<div class=\"elementor-background-overlay\"><\/div>\n\t\t\t\t\t\t\t<div class=\"elementor-container elementor-column-gap-default\">\n\t\t\t\t\t<div class=\"elementor-column elementor-col-100 elementor-top-column elementor-element elementor-element-06bc816\" data-id=\"06bc816\" data-element_type=\"column\" data-e-type=\"column\">\n\t\t\t<div class=\"elementor-widget-wrap elementor-element-populated\">\n\t\t\t\t\t\t<div class=\"elementor-element elementor-element-b0fc536 elementor-widget elementor-widget-text-editor\" data-id=\"b0fc536\" data-element_type=\"widget\" data-e-type=\"widget\" data-widget_type=\"text-editor.default\">\n\t\t\t\t\t\t\t\t\t<h2>D\u00e9couvrez Saint-Leu \u00e0 360\u00b0 en r\u00e9servant votre bapt\u00eame de parapente afin d&#8217;appr\u00e9cier notre \u00eele dans les airs en toute s\u00e9curit\u00e9 encadr\u00e9 par une \u00e9quipe de moniteurs passionn\u00e9s !<\/h2>\t\t\t\t\t\t\t\t<\/div>\n\t\t\t\t<div class=\"elementor-element elementor-element-1d1c396 elementor-widget elementor-widget-image\" data-id=\"1d1c396\" data-element_type=\"widget\" data-e-type=\"widget\" data-widget_type=\"image.default\">\n\t\t\t\t\t\t\t\t\t\t\t\t\t\t\t<img fetchpriority=\"high\" decoding=\"async\" width=\"1024\" height=\"768\" src=\"https:\/\/www.insulair-parapente.re\/wp-content\/uploads\/2023\/08\/Photo-site-reservez-vol2-WebP-1024x768.webp\" class=\"attachment-large size-large wp-image-2268\" alt=\"Parapente vu de dessous\" srcset=\"https:\/\/www.insulair-parapente.re\/wp-content\/uploads\/2023\/08\/Photo-site-reservez-vol2-WebP-1024x768.webp 1024w, https:\/\/www.insulair-parapente.re\/wp-content\/uploads\/2023\/08\/Photo-site-reservez-vol2-WebP-300x225.webp 300w, https:\/\/www.insulair-parapente.re\/wp-content\/uploads\/2023\/08\/Photo-site-reservez-vol2-WebP-768x576.webp 768w\" sizes=\"(max-width: 1024px) 100vw, 1024px\" \/>\t\t\t\t\t\t\t\t\t\t\t\t\t\t\t<\/div>\n\t\t\t\t<div class=\"elementor-element elementor-element-46070fa elementor-widget elementor-widget-text-editor\" data-id=\"46070fa\" data-element_type=\"widget\" data-e-type=\"widget\" data-widget_type=\"text-editor.default\">\n\t\t\t\t\t\t\t\t\t<h3><strong><span style=\"color: #ff0000;\">Pour une r\u00e9ponse imm\u00e9diate, r\u00e9servez <\/span><span style=\"color: #ff0000;\">directement\u00a0<\/span><span style=\"color: #ff0000;\">votre bapt\u00eame par t\u00e9l\u00e9phone au :<\/span><\/strong><\/h3>\t\t\t\t\t\t\t\t<\/div>\n\t\t\t\t<div class=\"elementor-element elementor-element-7d5555b elementor-align-center elementor-widget elementor-widget-button\" data-id=\"7d5555b\" data-element_type=\"widget\" data-e-type=\"widget\" data-widget_type=\"button.default\">\n\t\t\t\t\t\t\t\t\t\t<a class=\"elementor-button elementor-button-link elementor-size-lg elementor-animation-shrink\" href=\"tel:0692%20441%20600\">\n\t\t\t\t\t\t<span class=\"elementor-button-content-wrapper\">\n\t\t\t\t\t\t\t\t\t<span class=\"elementor-button-text\">0692 441 600<\/span>\n\t\t\t\t\t<\/span>\n\t\t\t\t\t<\/a>\n\t\t\t\t\t\t\t\t<\/div>\n\t\t\t\t<div class=\"elementor-element elementor-element-c6f11f2 elementor-widget elementor-widget-text-editor\" data-id=\"c6f11f2\" data-element_type=\"widget\" data-e-type=\"widget\" data-widget_type=\"text-editor.default\">\n\t\t\t\t\t\t\t\t\t<h3>Ou remplissez notre formulaire ci-dessous et nous nous ferons un plaisir de vous contacter en fin de journ\u00e9e<\/h3>\t\t\t\t\t\t\t\t<\/div>\n\t\t\t\t<div class=\"elementor-element elementor-element-a7ad341 elementor-widget elementor-widget-html\" data-id=\"a7ad341\" data-element_type=\"widget\" data-e-type=\"widget\" data-widget_type=\"html.default\">\n\t\t\t\t\t<script type=\"text\/javascript\" src=\"https:\/\/form.jotform.com\/jsform\/203001405544035\"><\/script>\t\t\t\t<\/div>\n\t\t\t\t<div class=\"elementor-element elementor-element-0960770 elementor-widget elementor-widget-spacer\" data-id=\"0960770\" data-element_type=\"widget\" data-e-type=\"widget\" data-widget_type=\"spacer.default\">\n\t\t\t\t\t\t\t<div class=\"elementor-spacer\">\n\t\t\t<div class=\"elementor-spacer-inner\"><\/div>\n\t\t<\/div>\n\t\t\t\t\t\t<\/div>\n\t\t\t\t<div class=\"elementor-element elementor-element-224a21c elementor-align-center elementor-widget elementor-widget-button\" data-id=\"224a21c\" data-element_type=\"widget\" data-e-type=\"widget\" data-widget_type=\"button.default\">\n\t\t\t\t\t\t\t\t\t\t<a class=\"elementor-button elementor-button-link elementor-size-xl\" href=\"https:\/\/www.insulair-parapente.re\/index.php\/offrez-un-bon-cadeau\/\">\n\t\t\t\t\t\t<span class=\"elementor-button-content-wrapper\">\n\t\t\t\t\t\t\t\t\t<span class=\"elementor-button-text\">POUR OFFRIR UN BON CADEAU \u00c0 UN PROCHE, CLIQUEZ ICI ! <\/span>\n\t\t\t\t\t<\/span>\n\t\t\t\t\t<\/a>\n\t\t\t\t\t\t\t\t<\/div>\n\t\t\t\t\t<\/div>\n\t\t<\/div>\n\t\t\t\t\t<\/div>\n\t\t<\/section>\n\t\t\t\t<section class=\"elementor-section elementor-top-section elementor-element elementor-element-3d6e2c1 elementor-section-boxed elementor-section-height-default elementor-section-height-default\" data-id=\"3d6e2c1\" data-element_type=\"section\" data-e-type=\"section\">\n\t\t\t\t\t\t<div class=\"elementor-container elementor-column-gap-default\">\n\t\t\t\t\t<div class=\"elementor-column elementor-col-100 elementor-top-column elementor-element elementor-element-acdb123\" data-id=\"acdb123\" data-element_type=\"column\" data-e-type=\"column\">\n\t\t\t<div class=\"elementor-widget-wrap elementor-element-populated\">\n\t\t\t\t\t\t<div class=\"elementor-element elementor-element-144f27e elementor-widget elementor-widget-text-editor\" data-id=\"144f27e\" data-element_type=\"widget\" data-e-type=\"widget\" data-widget_type=\"text-editor.default\">\n\t\t\t\t\t\t\t\t\t<p style=\"caret-color: #000000; color: #000000; font-style: normal; text-transform: none;\">R\u00e9servez votre bapt\u00eame de parapente \u00e0 la R\u00e9union en nous contactant directement afin de choisir la formule la mieux adapt\u00e9e \u00e0 vos envies. <a href=\"https:\/\/www.insulair-parapente.re\/\"><span style=\"color: #ff0000;\">Une carte de bapt\u00eames<\/span><\/a> \u00e0 votre disposition afin de vous faire une id\u00e9e de nos diff\u00e9rentes prestations.\u00a0<\/p><p><span style=\"color: #000000;\">Chaque bapt\u00eame de parapente est diff\u00e9rent en fonction des go\u00fbts de chacun et nous restons \u00e0 votre disposition afin de vous orienter au mieux en fonction de vos pr\u00e9f\u00e9rences car notre principal objectif est que vous preniez le maximum de plaisir !<\/span><\/p><p style=\"caret-color: #000000; color: #000000; font-style: normal; text-transform: none;\">Notre planning pouvant tr\u00e8s vite se remplir avec des confirmations par e-mail parfois tardives , nous vous recommandons pour les r\u00e9servations \u00e0 courte \u00e9ch\u00e9ance de nous contacter par t\u00e9l\u00e9phone afin de bloquer votre cr\u00e9neau et de le valider d\u00e9finitivement ensemble.\u00a0<\/p><p><span style=\"color: #000000;\">Un SMS de confirmation vous sera envoy\u00e9 la veille de votre rendez-vous (En fonction du dernier point m\u00e9t\u00e9o par s\u00e9curit\u00e9) avec toutes les informations n\u00e9cessaires (Lieu RDV, tenue vestimentaire, moyens de paiement&#8230;) afin de ne rien oublier.<\/span><\/p>\t\t\t\t\t\t\t\t<\/div>\n\t\t\t\t\t<\/div>\n\t\t<\/div>\n\t\t\t\t\t<\/div>\n\t\t<\/section>\n\t\t\t\t<\/div>\n\t\t","protected":false},"excerpt":{"rendered":"<p>R\u00c9SERVEZ VOTRE BAPT\u00caME DE PARAPENTE \u00c0 LA R\u00c9UNION D\u00e9couvrez Saint-Leu \u00e0 360\u00b0 en r\u00e9servant votre bapt\u00eame de parapente afin d&#8217;appr\u00e9cier notre \u00eele dans les airs en toute s\u00e9curit\u00e9 encadr\u00e9 par une \u00e9quipe de moniteurs passionn\u00e9s ! Pour une r\u00e9ponse imm\u00e9diate, r\u00e9servez directement\u00a0votre bapt\u00eame par t\u00e9l\u00e9phone au : 0692 441 600 Ou remplissez notre formulaire ci-dessous [&hellip;]<\/p>\n","protected":false},"author":1,"featured_media":0,"parent":0,"menu_order":0,"comment_status":"closed","ping_status":"closed","template":"","meta":{"footnotes":""},"class_list":["post-48","page","type-page","status-publish","hentry"],"yoast_head":"<!-- This site is optimized with the Yoast SEO Premium plugin v27.3 (Yoast SEO v27.4) - https:\/\/yoast.com\/product\/yoast-seo-premium-wordpress\/ -->\n<title>R\u00e9servez votre bapt\u00eame de parapente \u00e0 La R\u00e9union - Parapente R\u00e9union<\/title>\n<meta name=\"description\" content=\"Un formulaire \u00e0 votre disposition pour r\u00e9server votre bapt\u00eame de parapente \u00e0 la R\u00e9union et survoler les ravines et lagon de Saint-Leu.\" \/>\n<meta name=\"robots\" content=\"index, follow, max-snippet:-1, max-image-preview:large, max-video-preview:-1\" \/>\n<link rel=\"canonical\" href=\"https:\/\/www.insulair-parapente.re\/index.php\/reservez-votre-bapteme-de-parapente-a-la-reunion\/\" \/>\n<meta property=\"og:locale\" content=\"fr_FR\" \/>\n<meta property=\"og:type\" content=\"article\" \/>\n<meta property=\"og:title\" content=\"R\u00e9servez votre bapt\u00eame de parapente \u00e0 La R\u00e9union\" \/>\n<meta property=\"og:description\" content=\"Un formulaire \u00e0 votre disposition pour r\u00e9server votre bapt\u00eame de parapente \u00e0 la R\u00e9union et survoler les ravines et lagon de Saint-Leu.\" \/>\n<meta property=\"og:url\" content=\"https:\/\/www.insulair-parapente.re\/index.php\/reservez-votre-bapteme-de-parapente-a-la-reunion\/\" \/>\n<meta property=\"og:site_name\" content=\"Parapente R\u00e9union\" \/>\n<meta property=\"article:publisher\" content=\"https:\/\/www.facebook.com\/insulair.parapente.re\/?ref=bookmarks\" \/>\n<meta property=\"article:modified_time\" content=\"2024-02-22T16:04:38+00:00\" \/>\n<meta property=\"og:image\" content=\"https:\/\/www.insulair-parapente.re\/wp-content\/uploads\/2023\/08\/Photo-site-reservez-vol2-WebP-1024x768.webp\" \/>\n<meta name=\"twitter:card\" content=\"summary_large_image\" \/>\n<meta name=\"twitter:label1\" content=\"Dur\u00e9e de lecture estim\u00e9e\" \/>\n\t<meta name=\"twitter:data1\" content=\"2 minutes\" \/>\n<!-- \/ Yoast SEO Premium plugin. -->","yoast_head_json":{"title":"R\u00e9servez votre bapt\u00eame de parapente \u00e0 La R\u00e9union - Parapente R\u00e9union","description":"Un formulaire \u00e0 votre disposition pour r\u00e9server votre bapt\u00eame de parapente \u00e0 la R\u00e9union et survoler les ravines et lagon de Saint-Leu.","robots":{"index":"index","follow":"follow","max-snippet":"max-snippet:-1","max-image-preview":"max-image-preview:large","max-video-preview":"max-video-preview:-1"},"canonical":"https:\/\/www.insulair-parapente.re\/index.php\/reservez-votre-bapteme-de-parapente-a-la-reunion\/","og_locale":"fr_FR","og_type":"article","og_title":"R\u00e9servez votre bapt\u00eame de parapente \u00e0 La R\u00e9union","og_description":"Un formulaire \u00e0 votre disposition pour r\u00e9server votre bapt\u00eame de parapente \u00e0 la R\u00e9union et survoler les ravines et lagon de Saint-Leu.","og_url":"https:\/\/www.insulair-parapente.re\/index.php\/reservez-votre-bapteme-de-parapente-a-la-reunion\/","og_site_name":"Parapente R\u00e9union","article_publisher":"https:\/\/www.facebook.com\/insulair.parapente.re\/?ref=bookmarks","article_modified_time":"2024-02-22T16:04:38+00:00","og_image":[{"url":"https:\/\/www.insulair-parapente.re\/wp-content\/uploads\/2023\/08\/Photo-site-reservez-vol2-WebP-1024x768.webp","type":"","width":"","height":""}],"twitter_card":"summary_large_image","twitter_misc":{"Dur\u00e9e de lecture estim\u00e9e":"2 minutes"},"schema":{"@context":"https:\/\/schema.org","@graph":[{"@type":"WebPage","@id":"https:\/\/www.insulair-parapente.re\/index.php\/reservez-votre-bapteme-de-parapente-a-la-reunion\/","url":"https:\/\/www.insulair-parapente.re\/index.php\/reservez-votre-bapteme-de-parapente-a-la-reunion\/","name":"R\u00e9servez votre bapt\u00eame de parapente \u00e0 La R\u00e9union - Parapente R\u00e9union","isPartOf":{"@id":"https:\/\/www.insulair-parapente.re\/#website"},"primaryImageOfPage":{"@id":"https:\/\/www.insulair-parapente.re\/index.php\/reservez-votre-bapteme-de-parapente-a-la-reunion\/#primaryimage"},"image":{"@id":"https:\/\/www.insulair-parapente.re\/index.php\/reservez-votre-bapteme-de-parapente-a-la-reunion\/#primaryimage"},"thumbnailUrl":"https:\/\/www.insulair-parapente.re\/wp-content\/uploads\/2023\/08\/Photo-site-reservez-vol2-WebP-1024x768.webp","datePublished":"2022-03-02T16:52:56+00:00","dateModified":"2024-02-22T16:04:38+00:00","description":"Un formulaire \u00e0 votre disposition pour r\u00e9server votre bapt\u00eame de parapente \u00e0 la R\u00e9union et survoler les ravines et lagon de Saint-Leu.","breadcrumb":{"@id":"https:\/\/www.insulair-parapente.re\/index.php\/reservez-votre-bapteme-de-parapente-a-la-reunion\/#breadcrumb"},"inLanguage":"fr-FR","potentialAction":[{"@type":"ReadAction","target":["https:\/\/www.insulair-parapente.re\/index.php\/reservez-votre-bapteme-de-parapente-a-la-reunion\/"]}]},{"@type":"ImageObject","inLanguage":"fr-FR","@id":"https:\/\/www.insulair-parapente.re\/index.php\/reservez-votre-bapteme-de-parapente-a-la-reunion\/#primaryimage","url":"https:\/\/www.insulair-parapente.re\/wp-content\/uploads\/2023\/08\/Photo-site-reservez-vol2-WebP-1024x768.webp","contentUrl":"https:\/\/www.insulair-parapente.re\/wp-content\/uploads\/2023\/08\/Photo-site-reservez-vol2-WebP-1024x768.webp"},{"@type":"BreadcrumbList","@id":"https:\/\/www.insulair-parapente.re\/index.php\/reservez-votre-bapteme-de-parapente-a-la-reunion\/#breadcrumb","itemListElement":[{"@type":"ListItem","position":1,"name":"Accueil","item":"https:\/\/www.insulair-parapente.re\/"},{"@type":"ListItem","position":2,"name":"R\u00e9servez votre bapt\u00eame de parapente \u00e0 La R\u00e9union"}]},{"@type":"WebSite","@id":"https:\/\/www.insulair-parapente.re\/#website","url":"https:\/\/www.insulair-parapente.re\/","name":"Insul'air Parapente","description":"Parapente la R\u00e9union \u00e0 Saint-Leu","publisher":{"@id":"https:\/\/www.insulair-parapente.re\/#organization"},"alternateName":"insulair parapente","potentialAction":[{"@type":"SearchAction","target":{"@type":"EntryPoint","urlTemplate":"https:\/\/www.insulair-parapente.re\/?s={search_term_string}"},"query-input":{"@type":"PropertyValueSpecification","valueRequired":true,"valueName":"search_term_string"}}],"inLanguage":"fr-FR"},{"@type":"Organization","@id":"https:\/\/www.insulair-parapente.re\/#organization","name":"insul'air parapente r\u00e9union","url":"https:\/\/www.insulair-parapente.re\/","logo":{"@type":"ImageObject","inLanguage":"fr-FR","@id":"https:\/\/www.insulair-parapente.re\/#\/schema\/logo\/image\/","url":"https:\/\/www.insulair-parapente.re\/wp-content\/uploads\/2022\/03\/cropped-logo-1.png","contentUrl":"https:\/\/www.insulair-parapente.re\/wp-content\/uploads\/2022\/03\/cropped-logo-1.png","width":150,"height":100,"caption":"insul'air parapente r\u00e9union"},"image":{"@id":"https:\/\/www.insulair-parapente.re\/#\/schema\/logo\/image\/"},"sameAs":["https:\/\/www.facebook.com\/insulair.parapente.re\/?ref=bookmarks"]}]}},"_links":{"self":[{"href":"https:\/\/www.insulair-parapente.re\/index.php\/wp-json\/wp\/v2\/pages\/48","targetHints":{"allow":["GET"]}}],"collection":[{"href":"https:\/\/www.insulair-parapente.re\/index.php\/wp-json\/wp\/v2\/pages"}],"about":[{"href":"https:\/\/www.insulair-parapente.re\/index.php\/wp-json\/wp\/v2\/types\/page"}],"author":[{"embeddable":true,"href":"https:\/\/www.insulair-parapente.re\/index.php\/wp-json\/wp\/v2\/users\/1"}],"replies":[{"embeddable":true,"href":"https:\/\/www.insulair-parapente.re\/index.php\/wp-json\/wp\/v2\/comments?post=48"}],"version-history":[{"count":0,"href":"https:\/\/www.insulair-parapente.re\/index.php\/wp-json\/wp\/v2\/pages\/48\/revisions"}],"wp:attachment":[{"href":"https:\/\/www.insulair-parapente.re\/index.php\/wp-json\/wp\/v2\/media?parent=48"}],"curies":[{"name":"wp","href":"https:\/\/api.w.org\/{rel}","templated":true}]}}